{"id":1342,"date":"2021-12-28T10:13:08","date_gmt":"2021-12-28T09:13:08","guid":{"rendered":"https:\/\/bergliebe.de\/?page_id=1342"},"modified":"2025-08-29T16:23:10","modified_gmt":"2025-08-29T14:23:10","slug":"kontakt","status":"publish","type":"page","link":"https:\/\/bergliebe.de\/en\/kontakt\/","title":{"rendered":"Contact"},"content":{"rendered":"<div data-elementor-type=\"wp-page\" data-elementor-id=\"1342\" class=\"elementor elementor-1342\" data-elementor-post-type=\"page\">\n\t\t\t\t\t\t<section class=\"elementor-section elementor-top-section elementor-element elementor-element-acb026b elementor-section-full_width elementor-section-height-default elementor-section-height-default\" data-id=\"acb026b\" data-element_type=\"section\">\n\t\t\t\t\t\t<div class=\"elementor-container elementor-column-gap-default\">\n\t\t\t\t\t<div class=\"elementor-column elementor-col-100 elementor-top-column elementor-element elementor-element-819f7b1\" data-id=\"819f7b1\" data-element_type=\"column\">\n\t\t\t<div class=\"elementor-widget-wrap elementor-element-populated\">\n\t\t\t\t\t\t<div class=\"elementor-element elementor-element-099b244 elementor-widget elementor-widget-html\" data-id=\"099b244\" data-element_type=\"widget\" data-widget_type=\"html.default\">\n\t\t\t\t<div class=\"elementor-widget-container\">\n\t\t\t\t\t<div class=\"single-apartments-header-section single-sport-activity-header3\">\r\n    <div class=\"kontak-fade\">\r\n    \t<div class=\"single-apartments-header-item\">\r\n    \t\t<div class=\"single-header-item-content\">\r\n    \t\t    <span class=\"site-pre-header wow fadeInUp\">STAY IN CONTACT<\/span>\r\n    \t\t\t<h2 class=\"site-header-h2 wow fadeInUp translation-block\">Contact us<\/h2>\r\n    \t\t\t<span class=\"single-item-bottom-line wow fadeInUp\"><\/span>\r\n    \t\t<\/div>\r\n    \t<\/div>\r\n    <\/div>\r\n\t<div class=\"header-scroll-line\">\r\n\t\t<a href=\"#singlepage-scroll-down wow fadeInUp\" id=\"singlepage-scroll-down\">SCROLL DOWN<\/a>\r\n\t<\/div>\r\n<\/div>\t\t\t\t<\/div>\n\t\t\t\t<\/div>\n\t\t\t\t\t<\/div>\n\t\t<\/div>\n\t\t\t\t\t<\/div>\n\t\t<\/section>\n\t\t\t\t<section class=\"elementor-section elementor-top-section elementor-element elementor-element-9dc89d5 elementor-section-full_width elementor-section-height-default elementor-section-height-default\" data-id=\"9dc89d5\" data-element_type=\"section\">\n\t\t\t\t\t\t<div class=\"elementor-container elementor-column-gap-default\">\n\t\t\t\t\t<div class=\"elementor-column elementor-col-50 elementor-top-column elementor-element elementor-element-d938fe8\" data-id=\"d938fe8\" data-element_type=\"column\">\n\t\t\t<div class=\"elementor-widget-wrap elementor-element-populated\">\n\t\t\t\t\t\t<div class=\"elementor-element elementor-element-f41dd65 elementor-widget elementor-widget-html\" data-id=\"f41dd65\" data-element_type=\"widget\" data-widget_type=\"html.default\">\n\t\t\t\t<div class=\"elementor-widget-container\">\n\t\t\t\t\t<div class=\"kontakt-page-info\">\r\n  <div class=\"home-sport-buchen-content-wrapper contact-page-custom-styles\">\r\n    <h2 class=\"site-header-h2\">Find us<\/h2>\r\n    <div class=\"home-sport-buchen-content site-para-content\">\r\n      <span class=\"site-pre-header\">Address<\/span>\r\n      <p>Am Otterrohr 17<\/p> \r\n      <p>DE-87561 Oberstdorf <\/p>\r\n\r\n    <\/div>\r\n    <div class=\"home-sport-buchen-content site-para-content\">\r\n      <span class=\"site-pre-header\">\r\n        Bookings and Inquiries<\/span>\r\n      <p>Ferienwohnungsvermietung <p>\r\n      Urlaub-Alpentraum<\/p>\r\n      <p><\/p>\r\n      <p>87561 Oberstdorf<\/p>\r\n      <br>\r\n      <p>Tel.: +49 8326 3843136<\/p>\r\n   \r\n      <p>Email: info@urlaub-alpentraum.de<\/p>\r\n      <p>Webseite: <a href=\"https:\/\/bergliebe.de\/en\/\">https:\/\/www.bergliebe.de<\/a><\/p>\r\n\r\n      <a href=\"https:\/\/bergliebe.de\/en\/\">\r\n      \r\n        <noscript>\r\n          <img decoding=\"async\" data-src=\"\/wp-content\/uploads\/2022\/01\/sblogo.png\" class=\"lazyload\"\r\n            src=\"data:image\/gif;base64,R0lGODlhAQABAAAAACH5BAEKAAEALAAAAAABAAEAAAICTAEAOw==\">\r\n          <noscript>\r\n            <img decoding=\"async\" src=\"\/wp-content\/uploads\/2022\/01\/sblogo.png\"><\/noscript>\r\n      <\/a>\r\n    <\/div>\r\n  <\/div>\r\n<\/div>\t\t\t\t<\/div>\n\t\t\t\t<\/div>\n\t\t\t\t\t<\/div>\n\t\t<\/div>\n\t\t\t\t<div class=\"elementor-column elementor-col-50 elementor-top-column elementor-element elementor-element-8e97fd9\" data-id=\"8e97fd9\" data-element_type=\"column\">\n\t\t\t<div class=\"elementor-widget-wrap elementor-element-populated\">\n\t\t\t\t\t\t<div class=\"elementor-element elementor-element-07267a5 elementor-widget elementor-widget-google_maps\" data-id=\"07267a5\" data-element_type=\"widget\" data-widget_type=\"google_maps.default\">\n\t\t\t\t<div class=\"elementor-widget-container\">\n\t\t\t\t\t\t\t<div class=\"elementor-custom-embed\">\n\t\t\t<iframe loading=\"lazy\"\n\t\t\t\t\tsrc=\"https:\/\/maps.google.com\/maps?q=Am%20Otterrohr%2017%2C%2087561%20Oberstdorf%2C%20Germany&#038;t=m&#038;z=10&#038;output=embed&#038;iwloc=near\"\n\t\t\t\t\ttitle=\"Am Otterrohr 17, 87561 Oberstdorf, Germany\"\n\t\t\t\t\taria-label=\"Am Otterrohr 17, 87561 Oberstdorf, Germany\"\n\t\t\t><\/iframe>\n\t\t<\/div>\n\t\t\t\t\t\t<\/div>\n\t\t\t\t<\/div>\n\t\t\t\t\t<\/div>\n\t\t<\/div>\n\t\t\t\t\t<\/div>\n\t\t<\/section>\n\t\t\t\t<section class=\"elementor-section elementor-top-section elementor-element elementor-element-4709ae0 elementor-section-full_width elementor-section-height-default elementor-section-height-default\" data-id=\"4709ae0\" data-element_type=\"section\">\n\t\t\t\t\t\t<div class=\"elementor-container elementor-column-gap-default\">\n\t\t\t\t\t<div class=\"elementor-column elementor-col-100 elementor-top-column elementor-element elementor-element-e1b1c06\" data-id=\"e1b1c06\" data-element_type=\"column\">\n\t\t\t<div class=\"elementor-widget-wrap elementor-element-populated\">\n\t\t\t\t\t\t<div class=\"elementor-element elementor-element-159a075 single-apartment-youmight-section elementor-hidden-desktop elementor-hidden-tablet elementor-hidden-mobile elementor-widget elementor-widget-html\" data-id=\"159a075\" data-element_type=\"widget\" data-widget_type=\"html.default\">\n\t\t\t\t<div class=\"elementor-widget-container\">\n\t\t\t\t\t<div class=\"site-home-landhaus-wrapper\" id=\"homescroll-section-2\">\r\n\r\n\t<div class=\"site-home-landhaus-content\">\r\n\t\t<div class=\"site-home-landhaus-content-title\">\r\n\t\t\t<span class=\"site-pre-header\">WELCOME TO<\/span>\r\n\t\t\t<h2 class=\"site-header-h2\">Landhaus Bergliebe<\/h2>\r\n\t\t\t<span class=\"vertical-height\"><\/span>\r\n\t\t<\/div>\r\n\t\t<div class=\"site-home-landhaus-content-para site-para-content\">\r\n\t\t\t<p>Wir vermieten 5 gem\u00fctlich eingerichtete 2- bis 4-Zimmer Wohnungen, die auch f\u00fcr gr\u00f6\u00dfere Familien mit Freunden geeignet sind. \r\nDie einzelnen Wohnungen k\u00f6nnen Sie sich unter \u201eApartments\u201c anschauen, um die ideale Ferienwohnung f\u00fcr Ihren Urlaub auszuw\u00e4hlen.\r\nWir freuen uns Sie bald bei uns begr\u00fc\u00dfen zu d\u00fcrfen und Ihnen ein gem\u00fctliches und modernes \u201ezu Hause im Urlaub\u201c zu bieten.<\/p>\r\n \r\n            <p>Mountain railway ticket included from May to November.\r\n\t\t\t<\/p>\r\n\t\t<\/div>\r\n\t\t\r\n\t<\/div>\r\n\r\n<\/div>\r\n\r\n\r\n<div class=\"home-sport-container3 kontakt-address-section\">\r\n\t\t<div class=\"home-sport-buchen-left\">\r\n\t\t\t<img decoding=\"async\" src=\"\/wp-content\/uploads\/2021\/12\/s0.jpg\">\r\n\t\t<\/div>\r\n\t\t<div class=\"home-sport-buchen-right\">\r\n\t\t\t<div class=\"home-sport-buchen-content-wrapper\">\r\n\t\t\t    <h2 class=\"site-header-h2\">Find us<\/h2>\r\n\t\t\t\t<div class=\"home-sport-buchen-content site-para-content\">\r\n\t\t\t\t\t<span class=\"site-pre-header\">Address<\/span>\r\n\t\t\t\t\t<p>Am Otterrohr 17. DE-87561 Oberstdorf <br>T.+4983229240660 <\/p>\r\n\t\t\t\t\t\r\n\t\t\t\t<\/div>\r\n\t\t\t\t<div class=\"home-sport-buchen-content site-para-content\">\r\n\t\t\t\t\t<span class=\"site-pre-header\">\r\n\t\t\t\t\tBookings and Inquiries<\/span>\r\n\t\t\t\t\t<p>Ferienwohnungsvermietung<\/p>\r\n\t\t\t\t\t<p>Stefanie Blattner<\/p>\r\n\t\t\t\t\t<p>Bahnhofplatz 1b<\/p>\r\n\t\t\t\t\t<p>87561 Oberstdorf<\/p>\r\n\t\t\t\t\t<p>Tel.: +49 (0) 83 22 \/ 94 06 60<\/p>\r\n\t\t\t\t\t<p>Fax : +49 (0) 83 22 \/ 94 06 620<\/p>\r\n\t\t\t\t\t<p>Email: mail@blattner-fewo.de<\/p>\r\n\t\t\t\t\t<p>Webseite: www.blattner-fewo.de<\/p>\r\n\t\t\t\t\t<p>87561 Oberstdorf<\/p>\r\n\t\t\t\t\t<!--<p>email@blattner-fewo.de\r\n\t\t\t\t\tRESERVIERUNGEN & BUCHUNG<\/p>-->\r\n\t\t\t\t\t<img decoding=\"async\" src=\"\/wp-content\/uploads\/2022\/01\/sblogo.png\" >\r\n\t\t\t\t\t\r\n\t\t\t\t<\/div>\r\n\t\t\t\t<!--<div class=\"home-sport-buchen-content buchen-hover-content\">-->\r\n\t\t\t\t\r\n\t\t\t\t<!--\t<p>-->\r\n\t\t\t\t\t    \r\n\t\t\t\t<!--\t    <a href=\"#\" id=\"buchen-hover-effect\"><span class=\"buchen-hover-line\"><\/span><span class=\"buchen-hover-text\">JETZT BUCHEN<\/span><\/a>-->\r\n\t\t\t\t\t    \r\n\t\t\t\t<!--\t<\/p>-->\r\n\t\t\t\t<!--<\/div>-->\r\n\t\t\t<\/div>\r\n\t\t<\/div>\r\n\t\t\r\n\t<\/div>\t\t\t\t<\/div>\n\t\t\t\t<\/div>\n\t\t\t\t\t<\/div>\n\t\t<\/div>\n\t\t\t\t\t<\/div>\n\t\t<\/section>\n\t\t\t\t<section class=\"elementor-section elementor-top-section elementor-element elementor-element-01e93d8 elementor-section-full_width elementor-hidden-desktop elementor-hidden-tablet elementor-hidden-mobile elementor-section-height-default elementor-section-height-default\" data-id=\"01e93d8\" data-element_type=\"section\">\n\t\t\t\t\t\t<div class=\"elementor-container elementor-column-gap-default\">\n\t\t\t\t\t<div class=\"elementor-column elementor-col-100 elementor-top-column elementor-element elementor-element-42ef882\" data-id=\"42ef882\" data-element_type=\"column\">\n\t\t\t<div class=\"elementor-widget-wrap elementor-element-populated\">\n\t\t\t\t\t\t<div class=\"elementor-element elementor-element-73abcfe elementor-widget elementor-widget-html\" data-id=\"73abcfe\" data-element_type=\"widget\" data-widget_type=\"html.default\">\n\t\t\t\t<div class=\"elementor-widget-container\">\n\t\t\t\t\t<div id=\"\" class=\"scrolloff\" >\r\n    \r\n<iframe width=\"300\" height=\"450\" frameborder=\"0\" scrolling=\"no\" marginheight=\"0\" marginwidth=\"0\"  src=\"https:\/\/www.google.com\/maps\/d\/embed?mid=1rhNZGW8zZHsOA-vU5D69MFJz19cKWvuD&ehbc=2E312F\"><\/iframe>\r\n\r\n<\/div>\r\n\r\n\r\n\t\t\t\t<\/div>\n\t\t\t\t<\/div>\n\t\t\t\t\t<\/div>\n\t\t<\/div>\n\t\t\t\t\t<\/div>\n\t\t<\/section>\n\t\t\t\t<\/div>","protected":false},"excerpt":{"rendered":"<p>IN VERBINDUNG BLEIBEN Kontaktieren Sie uns SCROLL DOWN Finden Sie uns Addresse Am Otterrohr 17 DE-87561 Oberstdorf Buchungen und Anfragen Ferienwohnungsvermietung Urlaub-Alpentraum 87561 Oberstdorf Tel.: +49 8326 3843136 Email: info@urlaub-alpentraum.de Webseite: https:\/\/www.bergliebe.de WILLKOMMEN IM Landhaus Bergliebe Wir vermieten 5 gem\u00fctlich eingerichtete 2- bis 4-Zimmer Wohnungen, die auch f\u00fcr gr\u00f6\u00dfere Familien mit Freunden geeignet sind. Die [&hellip;]<\/p>","protected":false},"author":2,"featured_media":410,"parent":0,"menu_order":0,"comment_status":"closed","ping_status":"closed","template":"elementor_header_footer","meta":{"footnotes":""},"class_list":["post-1342","page","type-page","status-publish","has-post-thumbnail","hentry"],"yoast_head":"<!-- This site is optimized with the Yoast SEO plugin v24.3 - https:\/\/yoast.com\/wordpress\/plugins\/seo\/ -->\n<title>Kontakt - Bergliebe Oberstdord<\/title>\n<meta name=\"robots\" content=\"index, follow, max-snippet:-1, max-image-preview:large, max-video-preview:-1\" \/>\n<link rel=\"canonical\" href=\"https:\/\/bergliebe.de\/en\/kontakt\/\" \/>\n<meta property=\"og:locale\" content=\"en_US\" \/>\n<meta property=\"og:type\" content=\"article\" \/>\n<meta property=\"og:title\" content=\"Kontakt - Bergliebe Oberstdord\" \/>\n<meta property=\"og:description\" content=\"IN VERBINDUNG BLEIBEN Kontaktieren Sie uns SCROLL DOWN Finden Sie uns Addresse Am Otterrohr 17 DE-87561 Oberstdorf Buchungen und Anfragen Ferienwohnungsvermietung Urlaub-Alpentraum 87561 Oberstdorf Tel.: +49 8326 3843136 Email: info@urlaub-alpentraum.de Webseite: https:\/\/www.bergliebe.de WILLKOMMEN IM Landhaus Bergliebe Wir vermieten 5 gem\u00fctlich eingerichtete 2- bis 4-Zimmer Wohnungen, die auch f\u00fcr gr\u00f6\u00dfere Familien mit Freunden geeignet sind. Die [&hellip;]\" \/>\n<meta property=\"og:url\" content=\"https:\/\/bergliebe.de\/en\/kontakt\/\" \/>\n<meta property=\"og:site_name\" content=\"Bergliebe Oberstdord\" \/>\n<meta property=\"article:modified_time\" content=\"2025-08-29T14:23:10+00:00\" \/>\n<meta property=\"og:image\" content=\"https:\/\/bergliebe.de\/wp-content\/uploads\/2021\/12\/Bergliebe-Logo-ROT-komplett-final.png\" \/>\n\t<meta property=\"og:image:width\" content=\"2048\" \/>\n\t<meta property=\"og:image:height\" content=\"2048\" \/>\n\t<meta property=\"og:image:type\" content=\"image\/png\" \/>\n<meta name=\"twitter:card\" content=\"summary_large_image\" \/>\n<meta name=\"twitter:label1\" content=\"Est. reading time\" \/>\n\t<meta name=\"twitter:data1\" content=\"2 minutes\" \/>\n<script type=\"application\/ld+json\" class=\"yoast-schema-graph\">{\"@context\":\"https:\/\/schema.org\",\"@graph\":[{\"@type\":\"WebPage\",\"@id\":\"https:\/\/bergliebe.de\/kontakt\/\",\"url\":\"https:\/\/bergliebe.de\/kontakt\/\",\"name\":\"Kontakt - Bergliebe Oberstdord\",\"isPartOf\":{\"@id\":\"https:\/\/bergliebe.de\/#website\"},\"primaryImageOfPage\":{\"@id\":\"https:\/\/bergliebe.de\/kontakt\/#primaryimage\"},\"image\":{\"@id\":\"https:\/\/bergliebe.de\/kontakt\/#primaryimage\"},\"thumbnailUrl\":\"https:\/\/bergliebe.de\/wp-content\/uploads\/2021\/12\/Bergliebe-Logo-ROT-komplett-final.png\",\"datePublished\":\"2021-12-28T09:13:08+00:00\",\"dateModified\":\"2025-08-29T14:23:10+00:00\",\"breadcrumb\":{\"@id\":\"https:\/\/bergliebe.de\/kontakt\/#breadcrumb\"},\"inLanguage\":\"en-US\",\"potentialAction\":[{\"@type\":\"ReadAction\",\"target\":[\"https:\/\/bergliebe.de\/kontakt\/\"]}]},{\"@type\":\"ImageObject\",\"inLanguage\":\"en-US\",\"@id\":\"https:\/\/bergliebe.de\/kontakt\/#primaryimage\",\"url\":\"https:\/\/bergliebe.de\/wp-content\/uploads\/2021\/12\/Bergliebe-Logo-ROT-komplett-final.png\",\"contentUrl\":\"https:\/\/bergliebe.de\/wp-content\/uploads\/2021\/12\/Bergliebe-Logo-ROT-komplett-final.png\",\"width\":2048,\"height\":2048},{\"@type\":\"BreadcrumbList\",\"@id\":\"https:\/\/bergliebe.de\/kontakt\/#breadcrumb\",\"itemListElement\":[{\"@type\":\"ListItem\",\"position\":1,\"name\":\"Home\",\"item\":\"https:\/\/bergliebe.de\/\"},{\"@type\":\"ListItem\",\"position\":2,\"name\":\"Kontakt\"}]},{\"@type\":\"WebSite\",\"@id\":\"https:\/\/bergliebe.de\/#website\",\"url\":\"https:\/\/bergliebe.de\/\",\"name\":\"Bergliebe Oberstdord\",\"description\":\"Premium Ferienwohnungen\",\"publisher\":{\"@id\":\"https:\/\/bergliebe.de\/#organization\"},\"potentialAction\":[{\"@type\":\"SearchAction\",\"target\":{\"@type\":\"EntryPoint\",\"urlTemplate\":\"https:\/\/bergliebe.de\/?s={search_term_string}\"},\"query-input\":{\"@type\":\"PropertyValueSpecification\",\"valueRequired\":true,\"valueName\":\"search_term_string\"}}],\"inLanguage\":\"en-US\"},{\"@type\":\"Organization\",\"@id\":\"https:\/\/bergliebe.de\/#organization\",\"name\":\"Bergliebe Oberstdord\",\"url\":\"https:\/\/bergliebe.de\/\",\"logo\":{\"@type\":\"ImageObject\",\"inLanguage\":\"en-US\",\"@id\":\"https:\/\/bergliebe.de\/#\/schema\/logo\/image\/\",\"url\":\"https:\/\/bergliebe.de\/wp-content\/uploads\/2022\/01\/cropped-cropped-Bergliebe-Logo-ROT-herz-final-edit-removebg-preview1.png\",\"contentUrl\":\"https:\/\/bergliebe.de\/wp-content\/uploads\/2022\/01\/cropped-cropped-Bergliebe-Logo-ROT-herz-final-edit-removebg-preview1.png\",\"width\":478,\"height\":462,\"caption\":\"Bergliebe Oberstdord\"},\"image\":{\"@id\":\"https:\/\/bergliebe.de\/#\/schema\/logo\/image\/\"}}]}<\/script>\n<!-- \/ Yoast SEO plugin. -->","yoast_head_json":{"title":"Kontakt - Bergliebe Oberstdord","robots":{"index":"index","follow":"follow","max-snippet":"max-snippet:-1","max-image-preview":"max-image-preview:large","max-video-preview":"max-video-preview:-1"},"canonical":"https:\/\/bergliebe.de\/en\/kontakt\/","og_locale":"en_US","og_type":"article","og_title":"Kontakt - Bergliebe Oberstdord","og_description":"IN VERBINDUNG BLEIBEN Kontaktieren Sie uns SCROLL DOWN Finden Sie uns Addresse Am Otterrohr 17 DE-87561 Oberstdorf Buchungen und Anfragen Ferienwohnungsvermietung Urlaub-Alpentraum 87561 Oberstdorf Tel.: +49 8326 3843136 Email: info@urlaub-alpentraum.de Webseite: https:\/\/www.bergliebe.de WILLKOMMEN IM Landhaus Bergliebe Wir vermieten 5 gem\u00fctlich eingerichtete 2- bis 4-Zimmer Wohnungen, die auch f\u00fcr gr\u00f6\u00dfere Familien mit Freunden geeignet sind. Die [&hellip;]","og_url":"https:\/\/bergliebe.de\/en\/kontakt\/","og_site_name":"Bergliebe Oberstdord","article_modified_time":"2025-08-29T14:23:10+00:00","og_image":[{"width":2048,"height":2048,"url":"https:\/\/bergliebe.de\/wp-content\/uploads\/2021\/12\/Bergliebe-Logo-ROT-komplett-final.png","type":"image\/png"}],"twitter_card":"summary_large_image","twitter_misc":{"Est. reading time":"2 minutes"},"schema":{"@context":"https:\/\/schema.org","@graph":[{"@type":"WebPage","@id":"https:\/\/bergliebe.de\/kontakt\/","url":"https:\/\/bergliebe.de\/kontakt\/","name":"Kontakt - Bergliebe Oberstdord","isPartOf":{"@id":"https:\/\/bergliebe.de\/#website"},"primaryImageOfPage":{"@id":"https:\/\/bergliebe.de\/kontakt\/#primaryimage"},"image":{"@id":"https:\/\/bergliebe.de\/kontakt\/#primaryimage"},"thumbnailUrl":"https:\/\/bergliebe.de\/wp-content\/uploads\/2021\/12\/Bergliebe-Logo-ROT-komplett-final.png","datePublished":"2021-12-28T09:13:08+00:00","dateModified":"2025-08-29T14:23:10+00:00","breadcrumb":{"@id":"https:\/\/bergliebe.de\/kontakt\/#breadcrumb"},"inLanguage":"en-US","potentialAction":[{"@type":"ReadAction","target":["https:\/\/bergliebe.de\/kontakt\/"]}]},{"@type":"ImageObject","inLanguage":"en-US","@id":"https:\/\/bergliebe.de\/kontakt\/#primaryimage","url":"https:\/\/bergliebe.de\/wp-content\/uploads\/2021\/12\/Bergliebe-Logo-ROT-komplett-final.png","contentUrl":"https:\/\/bergliebe.de\/wp-content\/uploads\/2021\/12\/Bergliebe-Logo-ROT-komplett-final.png","width":2048,"height":2048},{"@type":"BreadcrumbList","@id":"https:\/\/bergliebe.de\/kontakt\/#breadcrumb","itemListElement":[{"@type":"ListItem","position":1,"name":"Home","item":"https:\/\/bergliebe.de\/"},{"@type":"ListItem","position":2,"name":"Kontakt"}]},{"@type":"WebSite","@id":"https:\/\/bergliebe.de\/#website","url":"https:\/\/bergliebe.de\/","name":"Bergliebe Oberstdord","description":"Premium Ferienwohnungen","publisher":{"@id":"https:\/\/bergliebe.de\/#organization"},"potentialAction":[{"@type":"SearchAction","target":{"@type":"EntryPoint","urlTemplate":"https:\/\/bergliebe.de\/?s={search_term_string}"},"query-input":{"@type":"PropertyValueSpecification","valueRequired":true,"valueName":"search_term_string"}}],"inLanguage":"en-US"},{"@type":"Organization","@id":"https:\/\/bergliebe.de\/#organization","name":"Bergliebe Oberstdord","url":"https:\/\/bergliebe.de\/","logo":{"@type":"ImageObject","inLanguage":"en-US","@id":"https:\/\/bergliebe.de\/#\/schema\/logo\/image\/","url":"https:\/\/bergliebe.de\/wp-content\/uploads\/2022\/01\/cropped-cropped-Bergliebe-Logo-ROT-herz-final-edit-removebg-preview1.png","contentUrl":"https:\/\/bergliebe.de\/wp-content\/uploads\/2022\/01\/cropped-cropped-Bergliebe-Logo-ROT-herz-final-edit-removebg-preview1.png","width":478,"height":462,"caption":"Bergliebe Oberstdord"},"image":{"@id":"https:\/\/bergliebe.de\/#\/schema\/logo\/image\/"}}]}},"_links":{"self":[{"href":"https:\/\/bergliebe.de\/en\/wp-json\/wp\/v2\/pages\/1342","targetHints":{"allow":["GET"]}}],"collection":[{"href":"https:\/\/bergliebe.de\/en\/wp-json\/wp\/v2\/pages"}],"about":[{"href":"https:\/\/bergliebe.de\/en\/wp-json\/wp\/v2\/types\/page"}],"author":[{"embeddable":true,"href":"https:\/\/bergliebe.de\/en\/wp-json\/wp\/v2\/users\/2"}],"replies":[{"embeddable":true,"href":"https:\/\/bergliebe.de\/en\/wp-json\/wp\/v2\/comments?post=1342"}],"version-history":[{"count":244,"href":"https:\/\/bergliebe.de\/en\/wp-json\/wp\/v2\/pages\/1342\/revisions"}],"predecessor-version":[{"id":5801,"href":"https:\/\/bergliebe.de\/en\/wp-json\/wp\/v2\/pages\/1342\/revisions\/5801"}],"wp:featuredmedia":[{"embeddable":true,"href":"https:\/\/bergliebe.de\/en\/wp-json\/wp\/v2\/media\/410"}],"wp:attachment":[{"href":"https:\/\/bergliebe.de\/en\/wp-json\/wp\/v2\/media?parent=1342"}],"curies":[{"name":"wp","href":"https:\/\/api.w.org\/{rel}","templated":true}]}}