{"id":3683,"date":"2022-01-22T18:30:35","date_gmt":"2022-01-22T17:30:35","guid":{"rendered":"https:\/\/bergliebe.de\/?page_id=3683"},"modified":"2023-04-19T08:35:48","modified_gmt":"2023-04-19T06:35:48","slug":"apartments-winter","status":"publish","type":"page","link":"https:\/\/bergliebe.de\/en\/apartments-winter\/","title":{"rendered":"Apartments &#8211; Winter"},"content":{"rendered":"<div data-elementor-type=\"wp-page\" data-elementor-id=\"3683\" class=\"elementor elementor-3683\" data-elementor-post-type=\"page\">\n\t\t\t\t\t\t<section class=\"elementor-section elementor-top-section elementor-element elementor-element-b991ffd elementor-section-full_width page-padding-top elementor-section-height-default elementor-section-height-default\" data-id=\"b991ffd\" data-element_type=\"section\" id=\"site-page-apartment\">\n\t\t\t\t\t\t<div class=\"elementor-container elementor-column-gap-default\">\n\t\t\t\t\t<div class=\"elementor-column elementor-col-100 elementor-top-column elementor-element elementor-element-40522ae\" data-id=\"40522ae\" data-element_type=\"column\">\n\t\t\t<div class=\"elementor-widget-wrap elementor-element-populated\">\n\t\t\t\t\t\t<div class=\"elementor-element elementor-element-3f324c4 elementor-widget elementor-widget-html\" data-id=\"3f324c4\" data-element_type=\"widget\" data-widget_type=\"html.default\">\n\t\t\t\t<div class=\"elementor-widget-container\">\n\t\t\t\t\t<div class=\"apartment-overview-page\">\r\n\t<div class=\"apartment-overview-header\">\r\n\t\t<div class=\"apartment-overview-content\">\r\n\t\t\t<h2 class=\"site-header-h2\">Landhaus Bergliebe Apartments<\/h2>\r\n\t\t\t\r\n\t\t<\/div>\r\n\t\t<div class=\"header-scroll-line\">\r\n\t\t    <a href=\"#single-icon-section-toscroll\" id=\"singlepage-scroll-down\">SCROLL DOWN\r\n\t\t    <\/a>\r\n\t    <\/div>\r\n\t<\/div>\r\n<div class=\"apartment-overview-section\">\r\n\t<div class=\"apartment-overview-item\">\r\n\t\t<div class=\"apartment-overview-item-box-left\">\r\n\t\t\t<div class=\"apartment-overview-item-boxbig-wrapper apartment-overview-item-boxbig1 apartment-overview-item-mobile-view\">\r\n\t\t\t    <div class=\"apartment-overview-item-boxbig-hover1\">\r\n    \t\t\t    <div class=\"apartment-overview-item-boxbig-hover2\">\r\n        \t\t\t\t<div class=\"apartment-overview-item-box-list-icon apartment-abendsonne-overview-img\">\r\n        \t\t\t\t    <a href=\"\/en\/?page_id=665\" class=\"apartment-overview-link-item\"><\/a>\r\n        \t\t\t\t\t<ul>\r\n        \t\t\t\t\t\t<li><img decoding=\"async\" src=\"\/wp-content\/uploads\/2021\/12\/view.svg\"><span>landscape view<\/span><\/li>\r\n        \t\t\t\t\t\t<li><img decoding=\"async\" src=\"\/wp-content\/uploads\/2021\/12\/person.svg\"><span>3 pax<\/span><\/li>\r\n        \t\t\t\t\t\t<li><img decoding=\"async\" src=\"\/wp-content\/uploads\/2021\/12\/sqm.svg\"><span>40m\u00b2<\/span><\/li>\r\n        \t\t\t      \t<\/ul>\r\n        \t\t\t\t<\/div>\r\n    \t\t\t\t<\/div>\r\n\t\t\t\t<\/div>\r\n\t\t\t<\/div>\r\n\t\t\t<div class=\"apartment-overview-item-boxsmall-wrapper apartment-overview-item-boxsmall1\">\r\n\t\t\t\t<div class=\"apartment-overview-item-boxsmall-content\">\r\n\t\t\t\t\t<div class=\"apartment-overview-item-boxsmall-img\">\r\n\t\t\t\t\t    <div class=\"apartment-overview-item-boxsmall-img-hover\">\r\n\t\t\t\t\t        <a href=\"\/en\/?page_id=665\" class=\"apartment-overview-link-item\"><\/a>\r\n\t\t\t\t\t\t    <img decoding=\"async\" alt=\"Abendsonne\" src=\"https:\/\/bergliebe-cdn.web.app\/images\/ubersicht\/20211218-_DSC0887.webp\">\r\n\t\t\t\t\t\t<\/div>\r\n\t\t\t\t\t<\/div>\r\n\t\t\t\t\t<div class=\"apartment-overview-item-boxsmall-title site-para-content\">\r\n\t\t\t\t\t\t<span class=\"site-pre-header\">APARTMENT<\/span>\r\n\t\t\t\t\t\t<h2 class=\"site-header-h3 notranslate\">Abendsonne<\/h2>\r\n\t\t\t\t\t\t<p>\r\n\t\t\t\t\t\t  A cozy, lovingly furnished apartment with a breathtaking view of the Oberstdorf landscape.\r\n\t\t\t\t\t\t<\/p>\r\n\t\t\t\t\t\r\n\t\t\t\t\r\n\t\t\t\t\t\t<span class=\"single-apartment-meherfahren-link\"><a href=\"\/en\/?page_id=665\" id=\"single-apartment-meherfahren-effect\"><span class=\"buchen-hover-line\"><\/span><span class=\"buchen-hover-text\">Learn more <span class=\"en-merfahren\"><\/span><\/span><\/a><\/span>\r\n\t\t\t\t\t\t\r\n\t\t\t\t\t<\/div>\r\n\t\t\t\t<\/div>\r\n\t\t\t<\/div>\r\n\t\t<\/div>\r\n\t<\/div>\r\n<\/div>\r\n<div class=\"apartment-overview-section\">\r\n\t<div class=\"apartment-overview-item\">\r\n\t\t<div class=\"apartment-overview-item-box-left\">\r\n\t\t\t<div class=\"apartment-overview-item-boxbig-wrapper apartment-overview-item-boxsmall1\">\r\n\t\t\t    <div class=\"apartment-overview-item-boxsmall-content\">\r\n\t\t\t\t\t<div class=\"apartment-overview-item-boxsmall-img\">\r\n\t\t\t\t\t    <div class=\"apartment-overview-item-boxsmall-img-hover apartment-overview-little-img-morgenstund\">\r\n\t\t\t\t\t        <a href=\"\/en\/?page_id=864\" class=\"apartment-overview-link-item\"><\/a>\r\n\t\t\t\t\t\t    <img decoding=\"async\" alt=\"Morgenstund\" src=\"https:\/\/bergliebe-cdn.web.app\/images\/ubersicht\/20211218-_DSC0783.webp\">\r\n\t\t\t\t\t\t<\/div>\r\n\t\t\t\t\t<\/div>\r\n\t\t\t\t\t<div class=\"apartment-overview-item-boxsmall-title site-para-content\">\r\n\t\t\t\t\t\t<span class=\"site-pre-header\">APARTMENT<\/span>\r\n\t\t\t\t\t\t<h2 class=\"site-header-h3 notranslate\">Morgenstund<\/h2>\r\n\t\t\t\t\t\t<p>\r\n\t\t\t\t\t\t      This homely furnished apartment has a separate living- and bedroom and shines with a particularly cozy atmosphere.\r\n\r\n\t\t\t\t\t\t<\/p>\r\n\t\t\t\t\t\t\r\n\t\t\t\t\t\t<span class=\"single-apartment-mehrlessen-link\"><a href=\"\/en\/?page_id=864\" id=\"single-apartment-mehrlessen-effect\"><span class=\"buchen-hover-line\"><\/span><span class=\"buchen-hover-text\">Read more<\/span><\/a><\/span>\r\n\t\t\t\t\t<\/div>\r\n\t\t\t\t<\/div>\r\n\t\t\t<\/div>\r\n\t\t\t<div class=\"apartment-overview-item-boxsmall-wrapper apartment-overview-item-boxbig1\">\r\n\t\t\t\t\r\n\t\t\t\t<div class=\"apartment-overview-item-boxbig-hover1\">\r\n    \t\t\t    <div class=\"apartment-overview-item-boxbig-hover2\">\r\n        \t\t\t\t<div class=\"apartment-overview-item-box-list-icon apartment-morgenstund-overview-img\">\r\n        \t\t\t\t    <a href=\"\/en\/?page_id=864\" class=\"apartment-overview-link-item\"><\/a>\r\n        \t\t\t\t\t<ul>\r\n        \t\t\t\t\t\t<li><img decoding=\"async\" src=\"\/wp-content\/uploads\/2021\/12\/view.svg\"><span>landscape view<\/span><\/li>\r\n        \t\t\t\t\t\t<li><img decoding=\"async\" src=\"\/wp-content\/uploads\/2021\/12\/person.svg\"><span>2 pax<\/span><\/li>\r\n        \t\t\t\t\t\t<li><img decoding=\"async\" src=\"\/wp-content\/uploads\/2021\/12\/sqm.svg\"><span>40m\u00b2<\/span><\/li>\r\n        \t\t\t      \t<\/ul>\r\n        \t\t\t\t<\/div>\r\n    \t\t\t\t<\/div>\r\n\t\t\t\t<\/div>\r\n\t\t\t<\/div>\r\n\t\t<\/div>\r\n\t<\/div>\r\n<\/div>\r\n<div class=\"apartment-overview-section\">\r\n\t<div class=\"apartment-overview-item\">\r\n\t\t<div class=\"apartment-overview-item-box-left\">\r\n\t\t\t<div class=\"apartment-overview-item-boxbig-wrapper apartment-overview-item-boxbig1 apartment-overview-item-mobile-view\">\r\n\t\t\t    <div class=\"apartment-overview-item-boxbig-hover1\">\r\n    \t\t\t    <div class=\"apartment-overview-item-boxbig-hover2\">\r\n        \t\t\t\t<div class=\"apartment-overview-item-box-list-icon apartment-panorama-overview-img\">\r\n        \t\t\t\t    <a href=\"\/en\/?page_id=929\" class=\"apartment-overview-link-item\"><\/a>\r\n        \t\t\t\t\t<ul>\r\n        \t\t\t\t\t\t<li><img decoding=\"async\" src=\"\/wp-content\/uploads\/2021\/12\/view.svg\"><span>Mountain view<\/span><\/li>\r\n        \t\t\t\t\t\t<li><img decoding=\"async\" src=\"\/wp-content\/uploads\/2021\/12\/person.svg\"><span>4 pax<\/span><\/li>\r\n        \t\t\t\t\t\t<li><img decoding=\"async\" src=\"\/wp-content\/uploads\/2021\/12\/sqm.svg\"><span>60m\u00b2<\/span><\/li>\r\n        \t\t\t      \t<\/ul>\r\n        \t\t\t\t<\/div>\r\n    \t\t\t\t<\/div>\r\n\t\t\t\t<\/div>\r\n\t\t\t<\/div>\r\n\t\t\t<div class=\"apartment-overview-item-boxsmall-wrapper apartment-overview-item-boxsmall1\">\r\n\t\t\t\t<div class=\"apartment-overview-item-boxsmall-content\">\r\n\t\t\t\t\t<div class=\"apartment-overview-item-boxsmall-img\">\r\n\t\t\t\t\t    <div class=\"apartment-overview-item-boxsmall-img-hover apartment-overview-little-img-panorama\">\r\n\t\t\t\t\t        <a href=\"\/en\/?page_id=929\" class=\"apartment-overview-link-item\"><\/a>\r\n\t\t\t\t\t\t    <img decoding=\"async\" alt=\"Panorama\" src=\"https:\/\/bergliebe-cdn.web.app\/images\/ubersicht\/20211218-_DSC0822.webp\">\r\n\t\t\t\t\t\t<\/div>\r\n\t\t\t\t\t<\/div>\r\n\t\t\t\t\t<div class=\"apartment-overview-item-boxsmall-title site-para-content\">\r\n\t\t\t\t\t\t<span class=\"site-pre-header\">APARTMENT<\/span>\r\n\t\t\t\t\t\t<h2 class=\"site-header-h3 notranslate\">Panorama<\/h2>\r\n\t\t\t\t\t\t<p>\r\n\t\t\t\t\t\t  \tThis spacious apartment offers impressive mountain views from south, east and west balconies - perfect for a relaxing stay. \r\n\t\t\t\t\t\t<\/p>\r\n\t\t\t\t\t\t\r\n\t\t\t\t\t\r\n\t\t\t\t\t\t<span class=\"single-apartment-mehrlessen-link\"><a href=\"\/en\/?page_id=929\" id=\"single-apartment-mehrlessen-effect\"><span class=\"buchen-hover-line\"><\/span><span class=\"buchen-hover-text\">Read more<\/span><\/a><\/span>\r\n\t\t\t\t\t<\/div>\r\n\t\t\t\t<\/div>\r\n\t\t\t<\/div>\r\n\t\t<\/div>\r\n\t<\/div>\r\n<\/div>\r\n<div class=\"apartment-overview-section\">\r\n\t<div class=\"apartment-overview-item\">\r\n\t\t<div class=\"apartment-overview-item-box-left\">\r\n\t\t\t<div class=\"apartment-overview-item-boxbig-wrapper apartment-overview-item-boxsmall1\">\r\n\t\t\t    <div class=\"apartment-overview-item-boxsmall-content\">\r\n\t\t\t\t\t<div class=\"apartment-overview-item-boxsmall-img\">\r\n\t\t\t\t\t    <div class=\"apartment-overview-item-boxsmall-img-hover\">\r\n\t\t\t\t\t        <a href=\"\/en\/?page_id=967\" class=\"apartment-overview-link-item\"><\/a>\r\n\t\t\t\t\t\t    <img decoding=\"async\" alt=\"Bergblick\" src=\"https:\/\/bergliebe-cdn.web.app\/images\/ubersicht\/20220113-_DSC1187.webp\">\r\n\t\t\t\t\t\t<\/div>\r\n\t\t\t\t\t<\/div>\r\n\t\t\t\t\t<div class=\"apartment-overview-item-boxsmall-title site-para-content\">\r\n\t\t\t\t\t\t<span class=\"site-pre-header\">APARTMENT<\/span>\r\n\t\t\t\t\t\t<h2 class=\"site-header-h3 notranslate\" data-no-translation>Bergblick<\/h2>\r\n\t\t\t\t\t\t<p>\r\n\t\t\t\t\t\t  \tThe penthouse apartment with south and north balconies offers an extraordinary view of the surrounding mountain range.\r\n\t\t\t\t\t\t<\/p>\r\n\t\t\t\t\t\r\n\t\t\t\t\t\t<span class=\"single-apartment-mehrlessen-link\"><a href=\"\/en\/?page_id=967\" id=\"single-apartment-mehrlessen-effect\"><span class=\"buchen-hover-line\"><\/span><span class=\"buchen-hover-text\">Read more<\/span><\/a><\/span>\r\n\t\t\t\t\t<\/div>\r\n\t\t\t\t<\/div>\r\n\t\t\t<\/div>\r\n\t\t\t<div class=\"apartment-overview-item-boxsmall-wrapper apartment-overview-item-boxbig1\">\r\n\t\t\t\t\r\n\t\t\t\t<div class=\"apartment-overview-item-boxbig-hover1\">\r\n    \t\t\t    <div class=\"apartment-overview-item-boxbig-hover2\">\r\n        \t\t\t\t<div class=\"apartment-overview-item-box-list-icon apartment-bergblick-overview-img\">\r\n        \t\t\t\t    <a href=\"\/en\/?page_id=967\" class=\"apartment-overview-link-item\"><\/a>\r\n        \t\t\t\t\t<ul>\r\n        \t\t\t\t\t\t<li><img decoding=\"async\" src=\"\/wp-content\/uploads\/2021\/12\/view.svg\"><span>Mountain view<\/span><\/li>\r\n        \t\t\t\t\t\t<li><img decoding=\"async\" src=\"\/wp-content\/uploads\/2021\/12\/person.svg\"><span>4 pax<\/span><\/li>\r\n        \t\t\t\t\t\t<li><img decoding=\"async\" src=\"\/wp-content\/uploads\/2021\/12\/sqm.svg\"><span>80m\u00b2<\/span><\/li>\r\n        \t\t\t      \t<\/ul>\r\n        \t\t\t\t<\/div>\r\n    \t\t\t\t<\/div>\r\n\t\t\t\t<\/div>\r\n\t\t\t<\/div>\r\n\t\t<\/div>\r\n\t<\/div>\r\n<\/div>\r\n<div class=\"apartment-overview-section\">\r\n\t<div class=\"apartment-overview-item\">\r\n\t\t<div class=\"apartment-overview-item-box-left\">\r\n\t\t\t<div class=\"apartment-overview-item-boxbig-wrapper apartment-overview-item-boxbig1 apartment-overview-item-mobile-view\">\r\n\t\t\t    <div class=\"apartment-overview-item-boxbig-hover1\">\r\n    \t\t\t    <div class=\"apartment-overview-item-boxbig-hover2\">\r\n        \t\t\t\t<div class=\"apartment-overview-item-box-list-icon apartment-alpenwiese-overview-img\">\r\n        \t\t\t\t    <a href=\"\/en\/?page_id=1009\" class=\"apartment-overview-link-item\"><\/a>\r\n        \t\t\t\t\t<ul>\r\n        \t\t\t\t\t\t<li><img decoding=\"async\" src=\"\/wp-content\/uploads\/2021\/12\/view.svg\"><span>Mountain view<\/span><\/li>\r\n        \t\t\t\t\t\t<li><img decoding=\"async\" src=\"\/wp-content\/uploads\/2021\/12\/person.svg\"><span>6 pax<\/span><\/li>\r\n        \t\t\t\t\t\t<li><img decoding=\"async\" src=\"\/wp-content\/uploads\/2021\/12\/sqm.svg\"><span>180m\u00b2<\/span><\/li>\r\n        \t\t\t      \t<\/ul>\r\n        \t\t\t\t<\/div>\r\n    \t\t\t\t<\/div>\r\n\t\t\t\t<\/div>\r\n\t\t\t<\/div>\r\n\t\t\t<div class=\"apartment-overview-item-boxsmall-wrapper apartment-overview-item-boxsmall1\">\r\n\t\t\t\t<div class=\"apartment-overview-item-boxsmall-content\">\r\n\t\t\t\t\t<div class=\"apartment-overview-item-boxsmall-img\">\r\n\t\t\t\t\t    <div class=\"apartment-overview-item-boxsmall-img-hover apartment-overview-little-img-alpenwiese\">\r\n\t\t\t\t\t        <a href=\"\/en\/?page_id=1009\" class=\"apartment-overview-link-item\"><\/a>\r\n\t\t\t\t\t\t    <img decoding=\"async\" alt=\"Alpenwiese\" src=\"https:\/\/bergliebe-cdn.web.app\/images\/ubersicht\/20220113-_DSC1038.webp\">\r\n\t\t\t\t\t\t<\/div>\r\n\t\t\t\t\t<\/div>\r\n\t\t\t\t\t<div class=\"apartment-overview-item-boxsmall-title site-para-content\">\r\n\t\t\t\t\t\t<span class=\"site-pre-header\">APARTMENT<\/span>\r\n\t\t\t\t\t\t<h2 class=\"site-header-h3 notranslate\">Alpenwiese<\/h2>\r\n\t\t\t\t\t\t<p>\r\n\t\t\t\t\t\t  \tOur 3 bedroom apartment \"Alpenwiese\" is equipped with an elegant winter garden and a spacious garden terrace, making it the perfect family getaway for a memorable stay.\r\n\t\t\t\t\t\t<\/p>\r\n\t\t\t\t\t\r\n\t\t\t\t\t\t<span class=\"single-apartment-mehrlessen-link\"><a href=\"\/en\/?page_id=1009\" id=\"single-apartment-mehrlessen-effect\"><span class=\"buchen-hover-line\"><\/span><span class=\"buchen-hover-text\">Read more<\/span><\/a><\/span>\r\n\t\t\t\t\t<\/div>\r\n\t\t\t\t<\/div>\r\n\t\t\t<\/div>\r\n\t\t<\/div>\r\n\t<\/div>\r\n<\/div>\r\n<\/div>\r\n\r\n\r\n<div class=\"apartment-overview-text-section\">\r\n    <div class=\"apartment-overview-text-section-title\">\r\n        <h3 class=\"site-header-h3\">Stylish, Comfortable, Cozy! \t<\/h3>\r\n    <\/div>\r\n    <div class=\"apartment-overview-text-section-content\">\r\n        <div class=\"apartment-overview-text-section-content-left\">\r\n            <p class=\"site-pre-header2\">LANDHAUS BERGLIEBE<\/p>\r\n        <\/div>\r\n        <div class=\"apartment-overview-text-section-content-right\">\r\n            <p class=\"site-pre-header2\">LOVELY ACCOMMODATION IN OBERSTDORF<\/p>\r\n            <span class=\"site-para-content\">In our \u201cLandhaus  Bergliebe\u201d everyone will find a place to relax and unwind. Escape from your everyday life and enjoy your vacation in nature.<\/span>\r\n            \r\n\t\t\t\r\n\t\t\t  \t\t<span class=\"single-apartment-mehrlessen-link\"><a href=\"\/en\/?page_id=1082\" id=\"single-apartment-mehrlessen-effect\"><span class=\"buchen-hover-line\"><\/span><span class=\"buchen-hover-text\">To gallery<\/span><\/a><\/span>\r\n\t\t\t\t\t\t  \t\r\n        <\/div>\r\n    <\/div>\r\n<\/div>\t\t\t\t<\/div>\n\t\t\t\t<\/div>\n\t\t\t\t\t<\/div>\n\t\t<\/div>\n\t\t\t\t\t<\/div>\n\t\t<\/section>\n\t\t\t\t<\/div>","protected":false},"excerpt":{"rendered":"<p>Landhaus Bergliebe Apartments SCROLL DOWN Landschaftsblick max. 3 Personen 40m\u00b2 APARTMENT Abendsonne Ein gem\u00fctliches, liebevoll eingerichtetes Apartment mit einem atemberaubenden Blick auf die Oberstdorfer Landschaft. Mehr erfahren APARTMENT Morgenstund Dieses heimisch eingerichtete Apartment verf\u00fcgt \u00fcber einen separaten Wohn- und Schlafraum und gl\u00e4nzt durch eine besonders gem\u00fctliche Atmosphere. Mehr Lesen Landschaftsblick max. 2 Personen 40m\u00b2 Bergblick [&hellip;]<\/p>","protected":false},"author":2,"featured_media":410,"parent":0,"menu_order":0,"comment_status":"closed","ping_status":"closed","template":"elementor_header_footer","meta":{"footnotes":""},"class_list":["post-3683","page","type-page","status-publish","has-post-thumbnail","hentry"],"yoast_head":"<!-- This site is optimized with the Yoast SEO plugin v24.3 - https:\/\/yoast.com\/wordpress\/plugins\/seo\/ -->\n<title>Apartments - Winter - Bergliebe Oberstdord<\/title>\n<meta name=\"robots\" content=\"index, follow, max-snippet:-1, max-image-preview:large, max-video-preview:-1\" \/>\n<link rel=\"canonical\" href=\"https:\/\/bergliebe.de\/en\/apartments-winter\/\" \/>\n<meta property=\"og:locale\" content=\"en_US\" \/>\n<meta property=\"og:type\" content=\"article\" \/>\n<meta property=\"og:title\" content=\"Apartments - Winter - Bergliebe Oberstdord\" \/>\n<meta property=\"og:description\" content=\"Landhaus Bergliebe Apartments SCROLL DOWN Landschaftsblick max. 3 Personen 40m\u00b2 APARTMENT Abendsonne Ein gem\u00fctliches, liebevoll eingerichtetes Apartment mit einem atemberaubenden Blick auf die Oberstdorfer Landschaft. Mehr erfahren APARTMENT Morgenstund Dieses heimisch eingerichtete Apartment verf\u00fcgt \u00fcber einen separaten Wohn- und Schlafraum und gl\u00e4nzt durch eine besonders gem\u00fctliche Atmosphere. Mehr Lesen Landschaftsblick max. 2 Personen 40m\u00b2 Bergblick [&hellip;]\" \/>\n<meta property=\"og:url\" content=\"https:\/\/bergliebe.de\/en\/apartments-winter\/\" \/>\n<meta property=\"og:site_name\" content=\"Bergliebe Oberstdord\" \/>\n<meta property=\"article:modified_time\" content=\"2023-04-19T06:35:48+00:00\" \/>\n<meta property=\"og:image\" content=\"https:\/\/bergliebe.de\/wp-content\/uploads\/2021\/12\/Bergliebe-Logo-ROT-komplett-final.png\" \/>\n\t<meta property=\"og:image:width\" content=\"2048\" \/>\n\t<meta property=\"og:image:height\" content=\"2048\" \/>\n\t<meta property=\"og:image:type\" content=\"image\/png\" \/>\n<meta name=\"twitter:card\" content=\"summary_large_image\" \/>\n<meta name=\"twitter:label1\" content=\"Est. reading time\" \/>\n\t<meta name=\"twitter:data1\" content=\"5 minutes\" \/>\n<script type=\"application\/ld+json\" class=\"yoast-schema-graph\">{\"@context\":\"https:\/\/schema.org\",\"@graph\":[{\"@type\":\"WebPage\",\"@id\":\"https:\/\/bergliebe.de\/apartments-winter\/\",\"url\":\"https:\/\/bergliebe.de\/apartments-winter\/\",\"name\":\"Apartments - Winter - Bergliebe Oberstdord\",\"isPartOf\":{\"@id\":\"https:\/\/bergliebe.de\/#website\"},\"primaryImageOfPage\":{\"@id\":\"https:\/\/bergliebe.de\/apartments-winter\/#primaryimage\"},\"image\":{\"@id\":\"https:\/\/bergliebe.de\/apartments-winter\/#primaryimage\"},\"thumbnailUrl\":\"https:\/\/bergliebe.de\/wp-content\/uploads\/2021\/12\/Bergliebe-Logo-ROT-komplett-final.png\",\"datePublished\":\"2022-01-22T17:30:35+00:00\",\"dateModified\":\"2023-04-19T06:35:48+00:00\",\"breadcrumb\":{\"@id\":\"https:\/\/bergliebe.de\/apartments-winter\/#breadcrumb\"},\"inLanguage\":\"en-US\",\"potentialAction\":[{\"@type\":\"ReadAction\",\"target\":[\"https:\/\/bergliebe.de\/apartments-winter\/\"]}]},{\"@type\":\"ImageObject\",\"inLanguage\":\"en-US\",\"@id\":\"https:\/\/bergliebe.de\/apartments-winter\/#primaryimage\",\"url\":\"https:\/\/bergliebe.de\/wp-content\/uploads\/2021\/12\/Bergliebe-Logo-ROT-komplett-final.png\",\"contentUrl\":\"https:\/\/bergliebe.de\/wp-content\/uploads\/2021\/12\/Bergliebe-Logo-ROT-komplett-final.png\",\"width\":2048,\"height\":2048},{\"@type\":\"BreadcrumbList\",\"@id\":\"https:\/\/bergliebe.de\/apartments-winter\/#breadcrumb\",\"itemListElement\":[{\"@type\":\"ListItem\",\"position\":1,\"name\":\"Home\",\"item\":\"https:\/\/bergliebe.de\/\"},{\"@type\":\"ListItem\",\"position\":2,\"name\":\"Apartments &#8211; Winter\"}]},{\"@type\":\"WebSite\",\"@id\":\"https:\/\/bergliebe.de\/#website\",\"url\":\"https:\/\/bergliebe.de\/\",\"name\":\"Bergliebe Oberstdord\",\"description\":\"Premium Ferienwohnungen\",\"publisher\":{\"@id\":\"https:\/\/bergliebe.de\/#organization\"},\"potentialAction\":[{\"@type\":\"SearchAction\",\"target\":{\"@type\":\"EntryPoint\",\"urlTemplate\":\"https:\/\/bergliebe.de\/?s={search_term_string}\"},\"query-input\":{\"@type\":\"PropertyValueSpecification\",\"valueRequired\":true,\"valueName\":\"search_term_string\"}}],\"inLanguage\":\"en-US\"},{\"@type\":\"Organization\",\"@id\":\"https:\/\/bergliebe.de\/#organization\",\"name\":\"Bergliebe Oberstdord\",\"url\":\"https:\/\/bergliebe.de\/\",\"logo\":{\"@type\":\"ImageObject\",\"inLanguage\":\"en-US\",\"@id\":\"https:\/\/bergliebe.de\/#\/schema\/logo\/image\/\",\"url\":\"https:\/\/bergliebe.de\/wp-content\/uploads\/2022\/01\/cropped-cropped-Bergliebe-Logo-ROT-herz-final-edit-removebg-preview1.png\",\"contentUrl\":\"https:\/\/bergliebe.de\/wp-content\/uploads\/2022\/01\/cropped-cropped-Bergliebe-Logo-ROT-herz-final-edit-removebg-preview1.png\",\"width\":478,\"height\":462,\"caption\":\"Bergliebe Oberstdord\"},\"image\":{\"@id\":\"https:\/\/bergliebe.de\/#\/schema\/logo\/image\/\"}}]}<\/script>\n<!-- \/ Yoast SEO plugin. -->","yoast_head_json":{"title":"Apartments - Winter - Bergliebe Oberstdord","robots":{"index":"index","follow":"follow","max-snippet":"max-snippet:-1","max-image-preview":"max-image-preview:large","max-video-preview":"max-video-preview:-1"},"canonical":"https:\/\/bergliebe.de\/en\/apartments-winter\/","og_locale":"en_US","og_type":"article","og_title":"Apartments - Winter - Bergliebe Oberstdord","og_description":"Landhaus Bergliebe Apartments SCROLL DOWN Landschaftsblick max. 3 Personen 40m\u00b2 APARTMENT Abendsonne Ein gem\u00fctliches, liebevoll eingerichtetes Apartment mit einem atemberaubenden Blick auf die Oberstdorfer Landschaft. Mehr erfahren APARTMENT Morgenstund Dieses heimisch eingerichtete Apartment verf\u00fcgt \u00fcber einen separaten Wohn- und Schlafraum und gl\u00e4nzt durch eine besonders gem\u00fctliche Atmosphere. Mehr Lesen Landschaftsblick max. 2 Personen 40m\u00b2 Bergblick [&hellip;]","og_url":"https:\/\/bergliebe.de\/en\/apartments-winter\/","og_site_name":"Bergliebe Oberstdord","article_modified_time":"2023-04-19T06:35:48+00:00","og_image":[{"width":2048,"height":2048,"url":"https:\/\/bergliebe.de\/wp-content\/uploads\/2021\/12\/Bergliebe-Logo-ROT-komplett-final.png","type":"image\/png"}],"twitter_card":"summary_large_image","twitter_misc":{"Est. reading time":"5 minutes"},"schema":{"@context":"https:\/\/schema.org","@graph":[{"@type":"WebPage","@id":"https:\/\/bergliebe.de\/apartments-winter\/","url":"https:\/\/bergliebe.de\/apartments-winter\/","name":"Apartments - Winter - Bergliebe Oberstdord","isPartOf":{"@id":"https:\/\/bergliebe.de\/#website"},"primaryImageOfPage":{"@id":"https:\/\/bergliebe.de\/apartments-winter\/#primaryimage"},"image":{"@id":"https:\/\/bergliebe.de\/apartments-winter\/#primaryimage"},"thumbnailUrl":"https:\/\/bergliebe.de\/wp-content\/uploads\/2021\/12\/Bergliebe-Logo-ROT-komplett-final.png","datePublished":"2022-01-22T17:30:35+00:00","dateModified":"2023-04-19T06:35:48+00:00","breadcrumb":{"@id":"https:\/\/bergliebe.de\/apartments-winter\/#breadcrumb"},"inLanguage":"en-US","potentialAction":[{"@type":"ReadAction","target":["https:\/\/bergliebe.de\/apartments-winter\/"]}]},{"@type":"ImageObject","inLanguage":"en-US","@id":"https:\/\/bergliebe.de\/apartments-winter\/#primaryimage","url":"https:\/\/bergliebe.de\/wp-content\/uploads\/2021\/12\/Bergliebe-Logo-ROT-komplett-final.png","contentUrl":"https:\/\/bergliebe.de\/wp-content\/uploads\/2021\/12\/Bergliebe-Logo-ROT-komplett-final.png","width":2048,"height":2048},{"@type":"BreadcrumbList","@id":"https:\/\/bergliebe.de\/apartments-winter\/#breadcrumb","itemListElement":[{"@type":"ListItem","position":1,"name":"Home","item":"https:\/\/bergliebe.de\/"},{"@type":"ListItem","position":2,"name":"Apartments &#8211; Winter"}]},{"@type":"WebSite","@id":"https:\/\/bergliebe.de\/#website","url":"https:\/\/bergliebe.de\/","name":"Bergliebe Oberstdord","description":"Premium Ferienwohnungen","publisher":{"@id":"https:\/\/bergliebe.de\/#organization"},"potentialAction":[{"@type":"SearchAction","target":{"@type":"EntryPoint","urlTemplate":"https:\/\/bergliebe.de\/?s={search_term_string}"},"query-input":{"@type":"PropertyValueSpecification","valueRequired":true,"valueName":"search_term_string"}}],"inLanguage":"en-US"},{"@type":"Organization","@id":"https:\/\/bergliebe.de\/#organization","name":"Bergliebe Oberstdord","url":"https:\/\/bergliebe.de\/","logo":{"@type":"ImageObject","inLanguage":"en-US","@id":"https:\/\/bergliebe.de\/#\/schema\/logo\/image\/","url":"https:\/\/bergliebe.de\/wp-content\/uploads\/2022\/01\/cropped-cropped-Bergliebe-Logo-ROT-herz-final-edit-removebg-preview1.png","contentUrl":"https:\/\/bergliebe.de\/wp-content\/uploads\/2022\/01\/cropped-cropped-Bergliebe-Logo-ROT-herz-final-edit-removebg-preview1.png","width":478,"height":462,"caption":"Bergliebe Oberstdord"},"image":{"@id":"https:\/\/bergliebe.de\/#\/schema\/logo\/image\/"}}]}},"_links":{"self":[{"href":"https:\/\/bergliebe.de\/en\/wp-json\/wp\/v2\/pages\/3683","targetHints":{"allow":["GET"]}}],"collection":[{"href":"https:\/\/bergliebe.de\/en\/wp-json\/wp\/v2\/pages"}],"about":[{"href":"https:\/\/bergliebe.de\/en\/wp-json\/wp\/v2\/types\/page"}],"author":[{"embeddable":true,"href":"https:\/\/bergliebe.de\/en\/wp-json\/wp\/v2\/users\/2"}],"replies":[{"embeddable":true,"href":"https:\/\/bergliebe.de\/en\/wp-json\/wp\/v2\/comments?post=3683"}],"version-history":[{"count":18,"href":"https:\/\/bergliebe.de\/en\/wp-json\/wp\/v2\/pages\/3683\/revisions"}],"predecessor-version":[{"id":5518,"href":"https:\/\/bergliebe.de\/en\/wp-json\/wp\/v2\/pages\/3683\/revisions\/5518"}],"wp:featuredmedia":[{"embeddable":true,"href":"https:\/\/bergliebe.de\/en\/wp-json\/wp\/v2\/media\/410"}],"wp:attachment":[{"href":"https:\/\/bergliebe.de\/en\/wp-json\/wp\/v2\/media?parent=3683"}],"curies":[{"name":"wp","href":"https:\/\/api.w.org\/{rel}","templated":true}]}}