{"id":3972,"date":"2022-01-26T02:58:55","date_gmt":"2022-01-26T01:58:55","guid":{"rendered":"https:\/\/bergliebe.de\/?page_id=3972"},"modified":"2022-02-28T08:43:14","modified_gmt":"2022-02-28T07:43:14","slug":"impressum","status":"publish","type":"page","link":"https:\/\/bergliebe.de\/en\/impressum\/","title":{"rendered":"Impressum"},"content":{"rendered":"<div data-elementor-type=\"wp-page\" data-elementor-id=\"3972\" class=\"elementor elementor-3972\" data-elementor-post-type=\"page\">\n\t\t\t\t\t\t<section class=\"elementor-section elementor-top-section elementor-element elementor-element-02dd7d7 elementor-section-full_width elementor-section-height-default elementor-section-height-default\" data-id=\"02dd7d7\" data-element_type=\"section\">\n\t\t\t\t\t\t<div class=\"elementor-container elementor-column-gap-default\">\n\t\t\t\t\t<div class=\"elementor-column elementor-col-100 elementor-top-column elementor-element elementor-element-d31438e\" data-id=\"d31438e\" data-element_type=\"column\">\n\t\t\t<div class=\"elementor-widget-wrap elementor-element-populated\">\n\t\t\t\t\t\t<div class=\"elementor-element elementor-element-109b218 elementor-widget elementor-widget-html\" data-id=\"109b218\" data-element_type=\"widget\" data-widget_type=\"html.default\">\n\t\t\t\t<div class=\"elementor-widget-container\">\n\t\t\t\t\t<style>\r\n    .address{\r\n            margin-top: 200px;\r\n    text-align: center;\r\n    }\r\n    \r\n.address h1{\r\n    font-size: 40px;\r\n    font-family: 'Geometos-regular' !important;\r\n    color: #d3c7b6;\r\n}\r\n\r\n.address p{\r\n    font-size: 18px;\r\n}\r\n\r\np.policy-pre-title {\r\n    font-size: 16px;\r\n    font-family: 'Geometos-regular' !important;\r\n    margin-top: 30px;\r\n    margin-bottom: 30px;\r\n    color: #d3c7b6;\r\n}\r\n\r\n.policy-wrapper {\r\n    padding: 2% 6% 10% 6%;\r\n}\r\n    \r\n<\/style>\r\n<div section=\"address\">\r\n    <div class=\"address\">\r\n        <h1>Adresse<\/h1><br>\r\n<p>Haus Bergliebe <br>\r\nAm Otterrohr 17<br><br>\r\n\r\n87561 Oberstdorf<br><br>\r\n\r\n\r\nTel.: +49 (0) 83 22 \/ 94 06 60<br>\r\nEmail: <a href=\"mailto:info@bergliebe.de\">info@bergliebe.de<\/a><br><br>\r\n\r\nInhaber:<br>\r\nM\u00fcller-Finkbeiner GbR<br><br>\r\n\r\nUmsatzsteuer-Identifikationsnummer:<br>\r\n\r\nDE 815 543 523\r\n<\/p>\r\n    <\/div>\r\n<\/div>\r\n<div class=\"policy-wrapper\">\r\n    <p class=\"policy-title\">\r\n        Disclaimer\r\n    <\/p>\r\n     <p class=\"policy-pre-title\">\r\n         Liability for content\r\n     <\/p>\r\n\r\n    <p class=\"policy-content\">\r\n        As a service provider, we are responsible for our own content on these pages according to Section 7, Paragraph 1 of the German Telemedia Act (TMG). According to \u00a7\u00a7 8 to 10 TMG, however, we as a service provider are not obliged to monitor transmitted or stored third-party information or to investigate circumstances that indicate illegal activity. Obligations to remove or block the use of information according to general laws remain unaffected. However, liability in this regard is only possible from the point in time at which knowledge of a specific infringement of the law is known. As soon as we become aware of any violations of the law, we will remove this content immediately.\r\n    <\/p>\r\n\r\n    <p class=\"policy-pre-title\">\r\n    Liability for links\r\n    <\/p>\r\n\r\n    <p class=\"policy-content\">\r\n    Our offer contains links to external third-party websites, the content of which we have no influence on. Therefore we cannot assume any liability for this external content. The respective provider or operator of the pages is always responsible for the content of the linked pages. The linked pages were checked for possible legal violations at the time of linking. Illegal content was not recognizable at the time of linking. However, a permanent control of the content of the linked pages is not reasonable without concrete evidence of an infringement. As soon as we become aware of legal violations, we will remove such links immediately.\r\n    <\/p>\r\n\r\n    <p class=\"policy-pre-title\">\r\n    Copyright\r\n    <\/p>\r\n\r\n <p class=\"policy-content\">\r\nThe content and works on these pages created by the site operators are subject to German copyright law. The duplication, editing, distribution and any kind of exploitation outside the limits of copyright require the written consent of the respective author or creator. Downloads and copies of this site are only permitted for private, non-commercial use. Insofar as the content on this site was not created by the operator, the copyrights of third parties are observed. In particular contents of third parties are marked as such. Should you nevertheless become aware of a copyright infringement, we ask that you inform us accordingly. As soon as we become aware of legal violations, we will remove such content immediately.\r\n<\/p>\r\n\r\n<p class=\"policy-pre-title\">\r\nSources: eRecht24, eRecht24\r\n<\/p>\r\n    \r\n<\/div>\t\t\t\t<\/div>\n\t\t\t\t<\/div>\n\t\t\t\t\t<\/div>\n\t\t<\/div>\n\t\t\t\t\t<\/div>\n\t\t<\/section>\n\t\t\t\t<\/div>","protected":false},"excerpt":{"rendered":"<p>Adresse Haus Bergliebe Am Otterrohr 17 87561 Oberstdorf Tel.: +49 (0) 83 22 \/ 94 06 60 Email: info@bergliebe.de Inhaber: M\u00fcller-Finkbeiner GbR Umsatzsteuer-Identifikationsnummer: DE 815 543 523 Haftungsausschluss (Disclaimer) Haftung f\u00fcr Inhalte Als Diensteanbieter sind wir gem\u00e4\u00df \u00a7 7 Abs.1 TMG f\u00fcr eigene Inhalte auf diesen Seiten nach den allgemeinen Gesetzen verantwortlich. Nach \u00a7\u00a7 8 [&hellip;]<\/p>","protected":false},"author":2,"featured_media":410,"parent":0,"menu_order":0,"comment_status":"closed","ping_status":"closed","template":"elementor_header_footer","meta":{"footnotes":""},"class_list":["post-3972","page","type-page","status-publish","has-post-thumbnail","hentry"],"yoast_head":"<!-- This site is optimized with the Yoast SEO plugin v24.3 - https:\/\/yoast.com\/wordpress\/plugins\/seo\/ -->\n<title>Impressum - Bergliebe Oberstdord<\/title>\n<meta name=\"robots\" content=\"index, follow, max-snippet:-1, max-image-preview:large, max-video-preview:-1\" \/>\n<link rel=\"canonical\" href=\"https:\/\/bergliebe.de\/en\/impressum\/\" \/>\n<meta property=\"og:locale\" content=\"en_US\" \/>\n<meta property=\"og:type\" content=\"article\" \/>\n<meta property=\"og:title\" content=\"Impressum - Bergliebe Oberstdord\" \/>\n<meta property=\"og:description\" content=\"Adresse Haus Bergliebe Am Otterrohr 17 87561 Oberstdorf Tel.: +49 (0) 83 22 \/ 94 06 60 Email: info@bergliebe.de Inhaber: M\u00fcller-Finkbeiner GbR Umsatzsteuer-Identifikationsnummer: DE 815 543 523 Haftungsausschluss (Disclaimer) Haftung f\u00fcr Inhalte Als Diensteanbieter sind wir gem\u00e4\u00df \u00a7 7 Abs.1 TMG f\u00fcr eigene Inhalte auf diesen Seiten nach den allgemeinen Gesetzen verantwortlich. Nach \u00a7\u00a7 8 [&hellip;]\" \/>\n<meta property=\"og:url\" content=\"https:\/\/bergliebe.de\/en\/impressum\/\" \/>\n<meta property=\"og:site_name\" content=\"Bergliebe Oberstdord\" \/>\n<meta property=\"article:modified_time\" content=\"2022-02-28T07:43:14+00:00\" \/>\n<meta name=\"twitter:card\" content=\"summary_large_image\" \/>\n<meta name=\"twitter:label1\" content=\"Est. reading time\" \/>\n\t<meta name=\"twitter:data1\" content=\"3 minutes\" \/>\n<script type=\"application\/ld+json\" class=\"yoast-schema-graph\">{\"@context\":\"https:\/\/schema.org\",\"@graph\":[{\"@type\":\"WebPage\",\"@id\":\"https:\/\/bergliebe.de\/impressum\/\",\"url\":\"https:\/\/bergliebe.de\/impressum\/\",\"name\":\"Impressum - Bergliebe Oberstdord\",\"isPartOf\":{\"@id\":\"https:\/\/bergliebe.de\/#website\"},\"primaryImageOfPage\":{\"@id\":\"https:\/\/bergliebe.de\/impressum\/#primaryimage\"},\"image\":{\"@id\":\"https:\/\/bergliebe.de\/impressum\/#primaryimage\"},\"thumbnailUrl\":\"https:\/\/bergliebe.de\/wp-content\/uploads\/2021\/12\/Bergliebe-Logo-ROT-komplett-final.png\",\"datePublished\":\"2022-01-26T01:58:55+00:00\",\"dateModified\":\"2022-02-28T07:43:14+00:00\",\"breadcrumb\":{\"@id\":\"https:\/\/bergliebe.de\/impressum\/#breadcrumb\"},\"inLanguage\":\"en-US\",\"potentialAction\":[{\"@type\":\"ReadAction\",\"target\":[\"https:\/\/bergliebe.de\/impressum\/\"]}]},{\"@type\":\"ImageObject\",\"inLanguage\":\"en-US\",\"@id\":\"https:\/\/bergliebe.de\/impressum\/#primaryimage\",\"url\":\"https:\/\/bergliebe.de\/wp-content\/uploads\/2021\/12\/Bergliebe-Logo-ROT-komplett-final.png\",\"contentUrl\":\"https:\/\/bergliebe.de\/wp-content\/uploads\/2021\/12\/Bergliebe-Logo-ROT-komplett-final.png\",\"width\":2048,\"height\":2048},{\"@type\":\"BreadcrumbList\",\"@id\":\"https:\/\/bergliebe.de\/impressum\/#breadcrumb\",\"itemListElement\":[{\"@type\":\"ListItem\",\"position\":1,\"name\":\"Home\",\"item\":\"https:\/\/bergliebe.de\/\"},{\"@type\":\"ListItem\",\"position\":2,\"name\":\"Impressum\"}]},{\"@type\":\"WebSite\",\"@id\":\"https:\/\/bergliebe.de\/#website\",\"url\":\"https:\/\/bergliebe.de\/\",\"name\":\"Bergliebe Oberstdord\",\"description\":\"Premium Ferienwohnungen\",\"publisher\":{\"@id\":\"https:\/\/bergliebe.de\/#organization\"},\"potentialAction\":[{\"@type\":\"SearchAction\",\"target\":{\"@type\":\"EntryPoint\",\"urlTemplate\":\"https:\/\/bergliebe.de\/?s={search_term_string}\"},\"query-input\":{\"@type\":\"PropertyValueSpecification\",\"valueRequired\":true,\"valueName\":\"search_term_string\"}}],\"inLanguage\":\"en-US\"},{\"@type\":\"Organization\",\"@id\":\"https:\/\/bergliebe.de\/#organization\",\"name\":\"Bergliebe Oberstdord\",\"url\":\"https:\/\/bergliebe.de\/\",\"logo\":{\"@type\":\"ImageObject\",\"inLanguage\":\"en-US\",\"@id\":\"https:\/\/bergliebe.de\/#\/schema\/logo\/image\/\",\"url\":\"https:\/\/bergliebe.de\/wp-content\/uploads\/2022\/01\/cropped-cropped-Bergliebe-Logo-ROT-herz-final-edit-removebg-preview1.png\",\"contentUrl\":\"https:\/\/bergliebe.de\/wp-content\/uploads\/2022\/01\/cropped-cropped-Bergliebe-Logo-ROT-herz-final-edit-removebg-preview1.png\",\"width\":478,\"height\":462,\"caption\":\"Bergliebe Oberstdord\"},\"image\":{\"@id\":\"https:\/\/bergliebe.de\/#\/schema\/logo\/image\/\"}}]}<\/script>\n<!-- \/ Yoast SEO plugin. -->","yoast_head_json":{"title":"Impressum - Bergliebe Oberstdord","robots":{"index":"index","follow":"follow","max-snippet":"max-snippet:-1","max-image-preview":"max-image-preview:large","max-video-preview":"max-video-preview:-1"},"canonical":"https:\/\/bergliebe.de\/en\/impressum\/","og_locale":"en_US","og_type":"article","og_title":"Impressum - Bergliebe Oberstdord","og_description":"Adresse Haus Bergliebe Am Otterrohr 17 87561 Oberstdorf Tel.: +49 (0) 83 22 \/ 94 06 60 Email: info@bergliebe.de Inhaber: M\u00fcller-Finkbeiner GbR Umsatzsteuer-Identifikationsnummer: DE 815 543 523 Haftungsausschluss (Disclaimer) Haftung f\u00fcr Inhalte Als Diensteanbieter sind wir gem\u00e4\u00df \u00a7 7 Abs.1 TMG f\u00fcr eigene Inhalte auf diesen Seiten nach den allgemeinen Gesetzen verantwortlich. Nach \u00a7\u00a7 8 [&hellip;]","og_url":"https:\/\/bergliebe.de\/en\/impressum\/","og_site_name":"Bergliebe Oberstdord","article_modified_time":"2022-02-28T07:43:14+00:00","twitter_card":"summary_large_image","twitter_misc":{"Est. reading time":"3 minutes"},"schema":{"@context":"https:\/\/schema.org","@graph":[{"@type":"WebPage","@id":"https:\/\/bergliebe.de\/impressum\/","url":"https:\/\/bergliebe.de\/impressum\/","name":"Impressum - Bergliebe Oberstdord","isPartOf":{"@id":"https:\/\/bergliebe.de\/#website"},"primaryImageOfPage":{"@id":"https:\/\/bergliebe.de\/impressum\/#primaryimage"},"image":{"@id":"https:\/\/bergliebe.de\/impressum\/#primaryimage"},"thumbnailUrl":"https:\/\/bergliebe.de\/wp-content\/uploads\/2021\/12\/Bergliebe-Logo-ROT-komplett-final.png","datePublished":"2022-01-26T01:58:55+00:00","dateModified":"2022-02-28T07:43:14+00:00","breadcrumb":{"@id":"https:\/\/bergliebe.de\/impressum\/#breadcrumb"},"inLanguage":"en-US","potentialAction":[{"@type":"ReadAction","target":["https:\/\/bergliebe.de\/impressum\/"]}]},{"@type":"ImageObject","inLanguage":"en-US","@id":"https:\/\/bergliebe.de\/impressum\/#primaryimage","url":"https:\/\/bergliebe.de\/wp-content\/uploads\/2021\/12\/Bergliebe-Logo-ROT-komplett-final.png","contentUrl":"https:\/\/bergliebe.de\/wp-content\/uploads\/2021\/12\/Bergliebe-Logo-ROT-komplett-final.png","width":2048,"height":2048},{"@type":"BreadcrumbList","@id":"https:\/\/bergliebe.de\/impressum\/#breadcrumb","itemListElement":[{"@type":"ListItem","position":1,"name":"Home","item":"https:\/\/bergliebe.de\/"},{"@type":"ListItem","position":2,"name":"Impressum"}]},{"@type":"WebSite","@id":"https:\/\/bergliebe.de\/#website","url":"https:\/\/bergliebe.de\/","name":"Bergliebe Oberstdord","description":"Premium Ferienwohnungen","publisher":{"@id":"https:\/\/bergliebe.de\/#organization"},"potentialAction":[{"@type":"SearchAction","target":{"@type":"EntryPoint","urlTemplate":"https:\/\/bergliebe.de\/?s={search_term_string}"},"query-input":{"@type":"PropertyValueSpecification","valueRequired":true,"valueName":"search_term_string"}}],"inLanguage":"en-US"},{"@type":"Organization","@id":"https:\/\/bergliebe.de\/#organization","name":"Bergliebe Oberstdord","url":"https:\/\/bergliebe.de\/","logo":{"@type":"ImageObject","inLanguage":"en-US","@id":"https:\/\/bergliebe.de\/#\/schema\/logo\/image\/","url":"https:\/\/bergliebe.de\/wp-content\/uploads\/2022\/01\/cropped-cropped-Bergliebe-Logo-ROT-herz-final-edit-removebg-preview1.png","contentUrl":"https:\/\/bergliebe.de\/wp-content\/uploads\/2022\/01\/cropped-cropped-Bergliebe-Logo-ROT-herz-final-edit-removebg-preview1.png","width":478,"height":462,"caption":"Bergliebe Oberstdord"},"image":{"@id":"https:\/\/bergliebe.de\/#\/schema\/logo\/image\/"}}]}},"_links":{"self":[{"href":"https:\/\/bergliebe.de\/en\/wp-json\/wp\/v2\/pages\/3972","targetHints":{"allow":["GET"]}}],"collection":[{"href":"https:\/\/bergliebe.de\/en\/wp-json\/wp\/v2\/pages"}],"about":[{"href":"https:\/\/bergliebe.de\/en\/wp-json\/wp\/v2\/types\/page"}],"author":[{"embeddable":true,"href":"https:\/\/bergliebe.de\/en\/wp-json\/wp\/v2\/users\/2"}],"replies":[{"embeddable":true,"href":"https:\/\/bergliebe.de\/en\/wp-json\/wp\/v2\/comments?post=3972"}],"version-history":[{"count":35,"href":"https:\/\/bergliebe.de\/en\/wp-json\/wp\/v2\/pages\/3972\/revisions"}],"predecessor-version":[{"id":4692,"href":"https:\/\/bergliebe.de\/en\/wp-json\/wp\/v2\/pages\/3972\/revisions\/4692"}],"wp:featuredmedia":[{"embeddable":true,"href":"https:\/\/bergliebe.de\/en\/wp-json\/wp\/v2\/media\/410"}],"wp:attachment":[{"href":"https:\/\/bergliebe.de\/en\/wp-json\/wp\/v2\/media?parent=3972"}],"curies":[{"name":"wp","href":"https:\/\/api.w.org\/{rel}","templated":true}]}}